{"id":8,"date":"2025-09-01T20:58:38","date_gmt":"2025-09-01T23:58:38","guid":{"rendered":"https:\/\/gruposerwir.com.br\/?page_id=8"},"modified":"2025-09-01T21:20:18","modified_gmt":"2025-09-02T00:20:18","slug":"home","status":"publish","type":"page","link":"https:\/\/gruposerwir.com.br\/","title":{"rendered":"Home"},"content":{"rendered":"\t\t<div data-elementor-type=\"wp-page\" data-elementor-id=\"8\" class=\"elementor elementor-8\" data-elementor-post-type=\"page\">\n\t\t\t\t<div class=\"elementor-element elementor-element-3a88e1d e-flex e-con-boxed e-con e-parent\" data-id=\"3a88e1d\" data-element_type=\"container\">\n\t\t\t\t\t<div class=\"e-con-inner\">\n\t\t\t\t<div class=\"elementor-element elementor-element-ad47eea elementor-widget elementor-widget-html\" data-id=\"ad47eea\" data-element_type=\"widget\" data-widget_type=\"html.default\">\n\t\t\t\t\t<!DOCTYPE html>\n<html lang=\"pt-br\">\n<head>\n    <meta charset=\"UTF-8\">\n    <meta name=\"viewport\" content=\"width=device-width, initial-scale=1.0\">\n    <title>Servirprint | Novo Endere\u00e7o<\/title>\n    <meta name=\"description\" content=\"A Servirprint mudou! Acesse nosso novo site para conhecer nossos servi\u00e7os de impress\u00e3o e comunica\u00e7\u00e3o visual.\">\n    \n    <meta http-equiv=\"refresh\" content=\"10;url=https:\/\/servirprint.com.br\/\">\n\n    <link rel=\"preconnect\" href=\"https:\/\/fonts.googleapis.com\">\n    <link rel=\"preconnect\" href=\"https:\/\/fonts.gstatic.com\" crossorigin>\n    <link href=\"https:\/\/fonts.googleapis.com\/css2?family=Poppins:wght@400;700&display=swap\" rel=\"stylesheet\">\n    \n    <style>\n        :root {\n            --primary-color: #1E4484;\n            --secondary-color: #010101;\n            --text-color: #ffffff;\n            --bg-color: #f0f0f0;\n            --button-hover-color: #1a3c75;\n        }\n\n        * {\n            box-sizing: border-box;\n            margin: 0;\n            padding: 0;\n        }\n\n        body {\n            font-family: 'Poppins', sans-serif;\n            background-color: var(--bg-color);\n            display: flex;\n            justify-content: center;\n            align-items: center;\n            height: 100vh;\n            text-align: center;\n        }\n\n        .container {\n            width: 90%;\n            max-width: 600px;\n            padding: 40px 20px;\n            background-color: var(--primary-color);\n            color: var(--text-color);\n            border-radius: 12px;\n            box-shadow: 0 4px 15px rgba(0, 0, 0, 0.1);\n        }\n\n        h1 {\n            font-size: clamp(1.5rem, 5vw, 2.5rem);\n            margin-bottom: 20px;\n            font-weight: 700;\n        }\n\n        p {\n            font-size: clamp(1rem, 3vw, 1.2rem);\n            margin-bottom: 30px;\n            font-weight: 400;\n        }\n\n        .button {\n            display: inline-block;\n            padding: 15px 30px;\n            background-color: var(--secondary-color);\n            color: var(--text-color);\n            text-decoration: none;\n            border-radius: 8px;\n            font-weight: 700;\n            font-size: 1.1rem;\n            transition: background-color 0.3s ease;\n        }\n\n        .button:hover,\n        .button:focus {\n            background-color: var(--button-hover-color);\n        }\n\n        .brand-link {\n            font-size: 0.9rem;\n            margin-top: 20px;\n            display: block;\n        }\n\n        .brand-link a {\n            color: var(--text-color);\n            text-decoration: underline;\n        }\n\n    <\/style>\n<\/head>\n<body>\n\n    <div class=\"container\">\n        <h1>Temos um novo endere\u00e7o!<\/h1>\n        <p>A Servirprint se modernizou e agora est\u00e1 em um novo site, com um design renovado e mais recursos para voc\u00ea.<\/p>\n        <a href=\"https:\/\/servirprint.com.br\/\" class=\"button\">Acessar Novo Site<\/a>\n        <p class=\"brand-link\">Voc\u00ea ser\u00e1 redirecionado automaticamente em 10 segundos para <br> <a href=\"https:\/\/servirprint.com.br\/\">https:\/\/servirprint.com.br\/<\/a><\/p>\n    <\/div>\n\n<\/body>\n<\/html>\t\t\t\t<\/div>\n\t\t\t\t\t<\/div>\n\t\t\t\t<\/div>\n\t\t\t\t<\/div>\n\t\t","protected":false},"excerpt":{"rendered":"<p>Servirprint | Novo Endere\u00e7o Temos um novo endere\u00e7o! A Servirprint se modernizou e agora est\u00e1 em um novo site, com um design renovado e mais recursos para voc\u00ea. Acessar Novo Site Voc\u00ea ser\u00e1 redirecionado automaticamente em 10 segundos para https:\/\/servirprint.com.br\/<\/p>\n","protected":false},"author":1,"featured_media":0,"parent":0,"menu_order":0,"comment_status":"closed","ping_status":"closed","template":"elementor_canvas","meta":{"footnotes":""},"class_list":["post-8","page","type-page","status-publish","hentry"],"_links":{"self":[{"href":"https:\/\/gruposerwir.com.br\/index.php?rest_route=\/wp\/v2\/pages\/8","targetHints":{"allow":["GET"]}}],"collection":[{"href":"https:\/\/gruposerwir.com.br\/index.php?rest_route=\/wp\/v2\/pages"}],"about":[{"href":"https:\/\/gruposerwir.com.br\/index.php?rest_route=\/wp\/v2\/types\/page"}],"author":[{"embeddable":true,"href":"https:\/\/gruposerwir.com.br\/index.php?rest_route=\/wp\/v2\/users\/1"}],"replies":[{"embeddable":true,"href":"https:\/\/gruposerwir.com.br\/index.php?rest_route=%2Fwp%2Fv2%2Fcomments&post=8"}],"version-history":[{"count":28,"href":"https:\/\/gruposerwir.com.br\/index.php?rest_route=\/wp\/v2\/pages\/8\/revisions"}],"predecessor-version":[{"id":38,"href":"https:\/\/gruposerwir.com.br\/index.php?rest_route=\/wp\/v2\/pages\/8\/revisions\/38"}],"wp:attachment":[{"href":"https:\/\/gruposerwir.com.br\/index.php?rest_route=%2Fwp%2Fv2%2Fmedia&parent=8"}],"curies":[{"name":"wp","href":"https:\/\/api.w.org\/{rel}","templated":true}]}}